{"id":18,"date":"2022-08-27T23:04:57","date_gmt":"2022-08-27T23:04:57","guid":{"rendered":"https:\/\/emcnutraceuticapenta.com\/?page_id=18"},"modified":"2022-08-30T00:53:35","modified_gmt":"2022-08-30T00:53:35","slug":"soporte","status":"publish","type":"page","link":"https:\/\/emcnutraceuticapenta.com\/index.php\/soporte\/","title":{"rendered":"Soporte"},"content":{"rendered":"\t\t<div data-elementor-type=\"wp-page\" data-elementor-id=\"18\" class=\"elementor elementor-18\" data-elementor-post-type=\"page\">\n\t\t\t\t\t\t<section class=\"elementor-section elementor-top-section elementor-element elementor-element-33fd552 elementor-section-boxed elementor-section-height-default elementor-section-height-default\" data-id=\"33fd552\" data-element_type=\"section\" data-e-type=\"section\">\n\t\t\t\t\t\t<div class=\"elementor-container elementor-column-gap-default\">\n\t\t\t\t\t<div class=\"elementor-column elementor-col-100 elementor-top-column elementor-element elementor-element-12cb35f\" data-id=\"12cb35f\" data-element_type=\"column\" data-e-type=\"column\">\n\t\t\t<div class=\"elementor-widget-wrap elementor-element-populated\">\n\t\t\t\t\t\t<div class=\"elementor-element elementor-element-30ddf7f elementor-widget elementor-widget-spacer\" data-id=\"30ddf7f\" data-element_type=\"widget\" data-e-type=\"widget\" data-widget_type=\"spacer.default\">\n\t\t\t\t<div class=\"elementor-widget-container\">\n\t\t\t\t\t\t\t<div class=\"elementor-spacer\">\n\t\t\t<div class=\"elementor-spacer-inner\"><\/div>\n\t\t<\/div>\n\t\t\t\t\t\t<\/div>\n\t\t\t\t<\/div>\n\t\t\t\t\t<\/div>\n\t\t<\/div>\n\t\t\t\t\t<\/div>\n\t\t<\/section>\n\t\t\t\t<section class=\"elementor-section elementor-top-section elementor-element elementor-element-bdd72e3 elementor-section-boxed elementor-section-height-default elementor-section-height-default\" data-id=\"bdd72e3\" data-element_type=\"section\" data-e-type=\"section\" data-settings=\"{&quot;background_background&quot;:&quot;classic&quot;}\">\n\t\t\t\t\t\t<div class=\"elementor-container elementor-column-gap-default\">\n\t\t\t\t\t<div class=\"elementor-column elementor-col-50 elementor-top-column elementor-element elementor-element-982a7c2\" data-id=\"982a7c2\" data-element_type=\"column\" data-e-type=\"column\">\n\t\t\t<div class=\"elementor-widget-wrap elementor-element-populated\">\n\t\t\t\t\t\t<div class=\"elementor-element elementor-element-4ab1d62 elementor-widget elementor-widget-text-editor\" data-id=\"4ab1d62\" data-element_type=\"widget\" data-e-type=\"widget\" data-widget_type=\"text-editor.default\">\n\t\t\t\t<div class=\"elementor-widget-container\">\n\t\t\t\t\t\t\t\t\t<p>Para cualquier aclaraci\u00f3n relacionada con esta plataforma acad\u00e9mica o los contenidos de la misma, le agradeceremos dirigirse al correo electr\u00f3nico:<\/p><p>soportesiem@intersistemas.com.mx<\/p>\t\t\t\t\t\t\t\t<\/div>\n\t\t\t\t<\/div>\n\t\t\t\t\t<\/div>\n\t\t<\/div>\n\t\t\t\t<div class=\"elementor-column elementor-col-50 elementor-top-column elementor-element elementor-element-7205f20\" data-id=\"7205f20\" data-element_type=\"column\" data-e-type=\"column\">\n\t\t\t<div class=\"elementor-widget-wrap elementor-element-populated\">\n\t\t\t\t\t\t<div class=\"elementor-element elementor-element-8fded0b animated-slow elementor-invisible elementor-widget elementor-widget-image\" data-id=\"8fded0b\" data-element_type=\"widget\" data-e-type=\"widget\" data-settings=\"{&quot;_animation&quot;:&quot;fadeInRight&quot;}\" data-widget_type=\"image.default\">\n\t\t\t\t<div class=\"elementor-widget-container\">\n\t\t\t\t\t\t\t\t\t\t\t\t\t\t\t<img fetchpriority=\"high\" decoding=\"async\" width=\"800\" height=\"485\" src=\"https:\/\/emcnutraceuticapenta.com\/wp-content\/uploads\/2022\/08\/pexels-yan-krukov-8867482-copia-1024x621.jpg\" class=\"attachment-large size-large wp-image-453\" alt=\"\" srcset=\"https:\/\/emcnutraceuticapenta.com\/wp-content\/uploads\/2022\/08\/pexels-yan-krukov-8867482-copia-1024x621.jpg 1024w, https:\/\/emcnutraceuticapenta.com\/wp-content\/uploads\/2022\/08\/pexels-yan-krukov-8867482-copia-300x182.jpg 300w, https:\/\/emcnutraceuticapenta.com\/wp-content\/uploads\/2022\/08\/pexels-yan-krukov-8867482-copia-768x466.jpg 768w, https:\/\/emcnutraceuticapenta.com\/wp-content\/uploads\/2022\/08\/pexels-yan-krukov-8867482-copia-1536x931.jpg 1536w, https:\/\/emcnutraceuticapenta.com\/wp-content\/uploads\/2022\/08\/pexels-yan-krukov-8867482-copia-2048x1242.jpg 2048w\" sizes=\"(max-width: 800px) 100vw, 800px\" \/>\t\t\t\t\t\t\t\t\t\t\t\t\t\t\t<\/div>\n\t\t\t\t<\/div>\n\t\t\t\t\t<\/div>\n\t\t<\/div>\n\t\t\t\t\t<\/div>\n\t\t<\/section>\n\t\t\t\t<\/div>\n\t\t","protected":false},"excerpt":{"rendered":"<p>Para cualquier aclaraci\u00f3n relacionada con esta plataforma acad\u00e9mica o los contenidos de la misma, le agradeceremos dirigirse al correo electr\u00f3nico: soportesiem@intersistemas.com.mx<\/p>\n","protected":false},"author":1,"featured_media":0,"parent":0,"menu_order":0,"comment_status":"closed","ping_status":"closed","template":"","meta":{"om_disable_all_campaigns":false,"_monsterinsights_skip_tracking":false,"_monsterinsights_sitenote_active":false,"_monsterinsights_sitenote_note":"","_monsterinsights_sitenote_category":0,"footnotes":""},"class_list":["post-18","page","type-page","status-publish","hentry"],"_links":{"self":[{"href":"https:\/\/emcnutraceuticapenta.com\/index.php\/wp-json\/wp\/v2\/pages\/18","targetHints":{"allow":["GET"]}}],"collection":[{"href":"https:\/\/emcnutraceuticapenta.com\/index.php\/wp-json\/wp\/v2\/pages"}],"about":[{"href":"https:\/\/emcnutraceuticapenta.com\/index.php\/wp-json\/wp\/v2\/types\/page"}],"author":[{"embeddable":true,"href":"https:\/\/emcnutraceuticapenta.com\/index.php\/wp-json\/wp\/v2\/users\/1"}],"replies":[{"embeddable":true,"href":"https:\/\/emcnutraceuticapenta.com\/index.php\/wp-json\/wp\/v2\/comments?post=18"}],"version-history":[{"count":10,"href":"https:\/\/emcnutraceuticapenta.com\/index.php\/wp-json\/wp\/v2\/pages\/18\/revisions"}],"predecessor-version":[{"id":521,"href":"https:\/\/emcnutraceuticapenta.com\/index.php\/wp-json\/wp\/v2\/pages\/18\/revisions\/521"}],"wp:attachment":[{"href":"https:\/\/emcnutraceuticapenta.com\/index.php\/wp-json\/wp\/v2\/media?parent=18"}],"curies":[{"name":"wp","href":"https:\/\/api.w.org\/{rel}","templated":true}]}}