{"id":5,"date":"2022-08-27T22:59:45","date_gmt":"2022-08-27T22:59:45","guid":{"rendered":"https:\/\/emcnutraceuticapenta.com\/?page_id=5"},"modified":"2025-08-07T18:43:33","modified_gmt":"2025-08-07T18:43:33","slug":"home","status":"publish","type":"page","link":"https:\/\/emcnutraceuticapenta.com\/","title":{"rendered":"Home"},"content":{"rendered":"\t\t<div data-elementor-type=\"wp-page\" data-elementor-id=\"5\" class=\"elementor elementor-5\" data-elementor-post-type=\"page\">\n\t\t\t\t\t\t<section class=\"elementor-section elementor-top-section elementor-element elementor-element-7082bdc elementor-section-boxed elementor-section-height-default elementor-section-height-default\" data-id=\"7082bdc\" data-element_type=\"section\" data-e-type=\"section\" data-settings=\"{&quot;background_background&quot;:&quot;gradient&quot;}\">\n\t\t\t\t\t\t<div class=\"elementor-container elementor-column-gap-default\">\n\t\t\t\t\t<div class=\"elementor-column elementor-col-100 elementor-top-column elementor-element elementor-element-61d3dbc\" data-id=\"61d3dbc\" data-element_type=\"column\" data-e-type=\"column\">\n\t\t\t<div class=\"elementor-widget-wrap elementor-element-populated\">\n\t\t\t\t\t\t<div class=\"elementor-element elementor-element-59ac4ad bdt-ps-blur-effect--yes elementor-widget elementor-widget-prime-slider-dragon\" data-id=\"59ac4ad\" data-element_type=\"widget\" data-e-type=\"widget\" data-settings=\"{&quot;motion_fx_motion_fx_scrolling&quot;:&quot;yes&quot;,&quot;motion_fx_devices&quot;:[&quot;desktop&quot;,&quot;tablet&quot;,&quot;mobile&quot;]}\" data-widget_type=\"prime-slider-dragon.default\">\n\t\t\t\t<div class=\"elementor-widget-container\">\n\t\t\t\t\t\t\t<div class=\"bdt-prime-slider\">\n\t\t\t<div class=\"bdt-prime-slider-dragon\">\n\t\t\t\t<div class=\"bdt-position-relative bdt-visible-toggle\" data-settings=\"{&quot;id&quot;:&quot;#bdt-59ac4ad&quot;,&quot;animation_status&quot;:&quot;no&quot;}\" id=\"bdt-59ac4ad\" bdt-slideshow=\"{&quot;animation&quot;:&quot;fade&quot;,&quot;ratio&quot;:&quot;16:9&quot;,&quot;min-height&quot;:&quot;440&quot;,&quot;autoplay&quot;:true,&quot;autoplay-interval&quot;:7000,&quot;pause-on-hover&quot;:false,&quot;velocity&quot;:1,&quot;finite&quot;:false}\">\n\t\t\t\t\t<ul class=\"bdt-slideshow-items\">\n\t\t\t\t\t\t\t\t<li class=\"bdt-slideshow-item bdt-flex bdt-flex-middle elementor-repeater-item-174c2d8\">\n\n\t\t\t<div class=\"bdt-ps-dragon-bg\">\n\t\t\t\t\n\t\t\t\t\t\t<div class=\"bdt-ps-slide-img\"\n\t\t\t\t\t\t\tstyle=\"background-image: url('https:\/\/emcnutraceuticapenta.com\/wp-content\/uploads\/2025\/08\/70284.jpg')\"><\/div>\n\n\t\t\t\t\t\t\t\t\t<\/div>\n\n\t\t\t<div class=\"bdt-ps-dragon-slide-image\">\n\t\t\t\t\n\t\t\t\t\t\t<div class=\"bdt-ps-slide-img\"\n\t\t\t\t\t\t\tstyle=\"background-image: url('https:\/\/emcnutraceuticapenta.com\/wp-content\/uploads\/2025\/08\/70284.jpg')\"><\/div>\n\n\t\t\t\t\t\t\t\t\t<\/div>\n\n\t\t\t\t\t\t\n\t\t\t\t\t<div class=\"bdt-prime-slider-wrapper\">\n\t\t\t<div class=\"bdt-prime-slider-content\">\n\n\t\t\t\t\t\t\t\t\t<div class=\"bdt-sub-title\">\n\n\t\t\t\t\t\t<h4 class=\"bdt-sub-title-inner\" data-bdt-slideshow-parallax=\"x: 100,-100; opacity: 1,1,0\" data-reveal=\"reveal-active\">\n                            Abordaje integral                         <\/h4>\n\n\t\t\t\t\t<\/div>\n\t\t\t\t\n\t\t\t\t\t\t\t\t\t<div class=\"bdt-main-title\">\n\t\t\t\t\t\t<h1 class=\"bdt-title-tag\" data-bdt-slideshow-parallax=\"x: 200,-200; opacity: 1,1,0\"  data-reveal=\"reveal-active\">\n\t\t\t\t\t\t\t\t\t\t\t\t\t\t\t<span class=\"frist-word\">enfermedades<\/span> mEtab\u00f3licas\t\t\t\t\t\t\t\t\t\t\t\t\t\t<\/h1>\n\t\t\t\t\t<\/div>\n\t\t\t\t\n\t\t\t\t\n\t\t\t\t<div data-bdt-slideshow-parallax=\"x: 400,-400; opacity: 1,1,0\">\n\t\t\t\t\t\n\t\t\n\t\t\t<a href=\"#\" class=\"bdt-ps-dragon-button reveal-muted\">\n\n\t\t\t\t\t\t\t\t\n\t\t\t\t<div class=\"bdt-ps-button\">\n\t\t\t\t\t<div class=\"bdt-ps-button-text\">Ingresar al curso<\/div>\n\t\t\t\t\t\n\t\t\t\t\t<div class=\"bdt-ps-button-wrapper\">\n\t\t\t\t\t\t<div class=\"bdt-ps-button-arrow\"><\/div>\n\t\t\t\t\t\t<div class=\"bdt-ps-button-border-circle\"><\/div>\n\t\t\t\t\t\t<div class=\"bdt-ps-button-mask-circle\">\n\t\t\t\t\t\t<div class=\"bdt-ps-button-small-circle\"><\/div>\n\t\t\t\t\t\t<\/div>\n\t\t\t\t\t<\/div>\n\t\t\t\t<\/div>\n\n\t\t\t<\/a>\n\t\t\t\t\t\t<\/div>\n\t\t\t\t\t\n\t\t\t<\/div>\n\t\t<\/div>\n        \n\t\t<\/li>\n        \n\t\t\t\t\t<\/ul>\n\n\t\t\t\t\t            \n                <ul class=\"bdt-slideshow-nav bdt-dotnav bdt-dotnav-vertical reveal-muted\">\n\n                                        <li bdt-slideshow-item=\"0\" data-label=\"01\" ><a href=\"#\"><\/a><\/li>\n                                        \n                <\/ul>\n\n            \n        \t\t\t\t\t\n\t\t\t\t<\/div>\n\t\t\t\t\n\t\t<div class=\"bdt-prime-slider-social-icon reveal-muted\">\n\t\t\t\t\t\t\t\t\t\t<a >\n\t\t\t\t\t\t\t\t<span class=\"bdt-social-share-title\">\n\t\t\t\t\t\t\t\t\t\t\t\t\t\t\t\t\t<\/span>\n\t\t\t\t\t\t\t<\/a>\n\t\t\t\t\t\t\t\t<\/div>\n\n\t\t\t\t\t<\/div>\n\t\t<\/div>\n        \t\t\t\t<\/div>\n\t\t\t\t<\/div>\n\t\t\t\t\t<\/div>\n\t\t<\/div>\n\t\t\t\t\t<\/div>\n\t\t<\/section>\n\t\t\t\t<section class=\"elementor-section elementor-top-section elementor-element elementor-element-24d2341 elementor-section-boxed elementor-section-height-default elementor-section-height-default\" data-id=\"24d2341\" data-element_type=\"section\" data-e-type=\"section\">\n\t\t\t\t\t\t<div class=\"elementor-container elementor-column-gap-default\">\n\t\t\t\t\t<div class=\"elementor-column elementor-col-25 elementor-top-column elementor-element elementor-element-03e2268\" data-id=\"03e2268\" data-element_type=\"column\" data-e-type=\"column\">\n\t\t\t<div class=\"elementor-widget-wrap elementor-element-populated\">\n\t\t\t\t\t\t<div class=\"elementor-element elementor-element-72e01dc elementor-widget elementor-widget-image\" data-id=\"72e01dc\" data-element_type=\"widget\" data-e-type=\"widget\" data-widget_type=\"image.default\">\n\t\t\t\t<div class=\"elementor-widget-container\">\n\t\t\t\t\t\t\t\t\t\t\t\t\t\t\t<img fetchpriority=\"high\" decoding=\"async\" width=\"800\" height=\"534\" src=\"https:\/\/emcnutraceuticapenta.com\/wp-content\/uploads\/2024\/07\/M1-1-1024x683.png\" class=\"attachment-large size-large wp-image-1160\" alt=\"\" srcset=\"https:\/\/emcnutraceuticapenta.com\/wp-content\/uploads\/2024\/07\/M1-1-1024x683.png 1024w, https:\/\/emcnutraceuticapenta.com\/wp-content\/uploads\/2024\/07\/M1-1-300x200.png 300w, https:\/\/emcnutraceuticapenta.com\/wp-content\/uploads\/2024\/07\/M1-1-768x512.png 768w, https:\/\/emcnutraceuticapenta.com\/wp-content\/uploads\/2024\/07\/M1-1-800x533.png 800w, https:\/\/emcnutraceuticapenta.com\/wp-content\/uploads\/2024\/07\/M1-1.png 1200w\" sizes=\"(max-width: 800px) 100vw, 800px\" \/>\t\t\t\t\t\t\t\t\t\t\t\t\t\t\t<\/div>\n\t\t\t\t<\/div>\n\t\t\t\t\t<\/div>\n\t\t<\/div>\n\t\t\t\t<div class=\"elementor-column elementor-col-25 elementor-top-column elementor-element elementor-element-6f80057\" data-id=\"6f80057\" data-element_type=\"column\" data-e-type=\"column\">\n\t\t\t<div class=\"elementor-widget-wrap elementor-element-populated\">\n\t\t\t\t\t\t<div class=\"elementor-element elementor-element-f1c803b elementor-widget elementor-widget-image\" data-id=\"f1c803b\" data-element_type=\"widget\" data-e-type=\"widget\" data-widget_type=\"image.default\">\n\t\t\t\t<div class=\"elementor-widget-container\">\n\t\t\t\t\t\t\t\t\t\t\t\t\t\t\t<img decoding=\"async\" width=\"800\" height=\"488\" src=\"https:\/\/emcnutraceuticapenta.com\/wp-content\/uploads\/2024\/07\/M6-1024x625.png\" class=\"attachment-large size-large wp-image-1023\" alt=\"\" srcset=\"https:\/\/emcnutraceuticapenta.com\/wp-content\/uploads\/2024\/07\/M6-1024x625.png 1024w, https:\/\/emcnutraceuticapenta.com\/wp-content\/uploads\/2024\/07\/M6-300x183.png 300w, https:\/\/emcnutraceuticapenta.com\/wp-content\/uploads\/2024\/07\/M6-768x469.png 768w, https:\/\/emcnutraceuticapenta.com\/wp-content\/uploads\/2024\/07\/M6-800x489.png 800w, https:\/\/emcnutraceuticapenta.com\/wp-content\/uploads\/2024\/07\/M6.png 1200w\" sizes=\"(max-width: 800px) 100vw, 800px\" \/>\t\t\t\t\t\t\t\t\t\t\t\t\t\t\t<\/div>\n\t\t\t\t<\/div>\n\t\t\t\t\t<\/div>\n\t\t<\/div>\n\t\t\t\t<div class=\"elementor-column elementor-col-25 elementor-top-column elementor-element elementor-element-469e51b\" data-id=\"469e51b\" data-element_type=\"column\" data-e-type=\"column\">\n\t\t\t<div class=\"elementor-widget-wrap elementor-element-populated\">\n\t\t\t\t\t\t<div class=\"elementor-element elementor-element-08f1074 elementor-widget__width-initial elementor-widget elementor-widget-image\" data-id=\"08f1074\" data-element_type=\"widget\" data-e-type=\"widget\" data-widget_type=\"image.default\">\n\t\t\t\t<div class=\"elementor-widget-container\">\n\t\t\t\t\t\t\t\t\t\t\t\t\t\t\t<img decoding=\"async\" width=\"800\" height=\"513\" src=\"https:\/\/emcnutraceuticapenta.com\/wp-content\/uploads\/2024\/07\/m2-1-1024x657.png\" class=\"attachment-large size-large wp-image-1164\" alt=\"\" srcset=\"https:\/\/emcnutraceuticapenta.com\/wp-content\/uploads\/2024\/07\/m2-1-1024x657.png 1024w, https:\/\/emcnutraceuticapenta.com\/wp-content\/uploads\/2024\/07\/m2-1-300x193.png 300w, https:\/\/emcnutraceuticapenta.com\/wp-content\/uploads\/2024\/07\/m2-1-768x493.png 768w, https:\/\/emcnutraceuticapenta.com\/wp-content\/uploads\/2024\/07\/m2-1-800x513.png 800w, https:\/\/emcnutraceuticapenta.com\/wp-content\/uploads\/2024\/07\/m2-1.png 1200w\" sizes=\"(max-width: 800px) 100vw, 800px\" \/>\t\t\t\t\t\t\t\t\t\t\t\t\t\t\t<\/div>\n\t\t\t\t<\/div>\n\t\t\t\t\t<\/div>\n\t\t<\/div>\n\t\t\t\t<div class=\"elementor-column elementor-col-25 elementor-top-column elementor-element elementor-element-5847c67\" data-id=\"5847c67\" data-element_type=\"column\" data-e-type=\"column\">\n\t\t\t<div class=\"elementor-widget-wrap elementor-element-populated\">\n\t\t\t\t\t\t<div class=\"elementor-element elementor-element-9d9d749 elementor-widget elementor-widget-image\" data-id=\"9d9d749\" data-element_type=\"widget\" data-e-type=\"widget\" data-widget_type=\"image.default\">\n\t\t\t\t<div class=\"elementor-widget-container\">\n\t\t\t\t\t\t\t\t\t\t\t\t\t\t\t<img loading=\"lazy\" decoding=\"async\" width=\"800\" height=\"534\" src=\"https:\/\/emcnutraceuticapenta.com\/wp-content\/uploads\/2024\/07\/M9-1024x683.png\" class=\"attachment-large size-large wp-image-1025\" alt=\"\" srcset=\"https:\/\/emcnutraceuticapenta.com\/wp-content\/uploads\/2024\/07\/M9-1024x683.png 1024w, https:\/\/emcnutraceuticapenta.com\/wp-content\/uploads\/2024\/07\/M9-300x200.png 300w, https:\/\/emcnutraceuticapenta.com\/wp-content\/uploads\/2024\/07\/M9-768x512.png 768w, https:\/\/emcnutraceuticapenta.com\/wp-content\/uploads\/2024\/07\/M9-800x533.png 800w, https:\/\/emcnutraceuticapenta.com\/wp-content\/uploads\/2024\/07\/M9.png 1200w\" sizes=\"(max-width: 800px) 100vw, 800px\" \/>\t\t\t\t\t\t\t\t\t\t\t\t\t\t\t<\/div>\n\t\t\t\t<\/div>\n\t\t\t\t\t<\/div>\n\t\t<\/div>\n\t\t\t\t\t<\/div>\n\t\t<\/section>\n\t\t\t\t<section class=\"elementor-section elementor-top-section elementor-element elementor-element-38c4564 elementor-section-boxed elementor-section-height-default elementor-section-height-default\" data-id=\"38c4564\" data-element_type=\"section\" data-e-type=\"section\">\n\t\t\t\t\t\t<div class=\"elementor-container elementor-column-gap-default\">\n\t\t\t\t\t<div class=\"elementor-column elementor-col-100 elementor-top-column elementor-element elementor-element-04ebc55\" data-id=\"04ebc55\" data-element_type=\"column\" data-e-type=\"column\">\n\t\t\t<div class=\"elementor-widget-wrap elementor-element-populated\">\n\t\t\t\t\t\t<div class=\"elementor-element elementor-element-091b077 elementor-widget elementor-widget-spacer\" data-id=\"091b077\" data-element_type=\"widget\" data-e-type=\"widget\" data-widget_type=\"spacer.default\">\n\t\t\t\t<div class=\"elementor-widget-container\">\n\t\t\t\t\t\t\t<div class=\"elementor-spacer\">\n\t\t\t<div class=\"elementor-spacer-inner\"><\/div>\n\t\t<\/div>\n\t\t\t\t\t\t<\/div>\n\t\t\t\t<\/div>\n\t\t\t\t<div class=\"elementor-element elementor-element-50d570c elementor-widget elementor-widget-eael-fancy-text\" data-id=\"50d570c\" data-element_type=\"widget\" data-e-type=\"widget\" data-widget_type=\"eael-fancy-text.default\">\n\t\t\t\t<div class=\"elementor-widget-container\">\n\t\t\t\t\t\n\t<div  class=\"eael-fancy-text-container style-1\" data-fancy-text-id=\"50d570c\" data-fancy-text=\"|Abordaje Integral\" data-fancy-text-transition-type=\"typing\" data-fancy-text-speed=\"50\" data-fancy-text-delay=\"2500\" data-fancy-text-cursor=\"yes\" data-fancy-text-loop=\"yes\" data-fancy-text-action=\"page_load\" >\n\t\t\t\t\t<span class=\"eael-fancy-text-prefix\">Bienvenidos: <\/span>\n\t\t\n\t\t\n\t\t\t\t\t<span id=\"eael-fancy-text-50d570c\" class=\"eael-fancy-text-strings \">\n\t\t\t\t<noscript>\n\t\t\t\t\tAbordaje Integral\t\t\t\t<\/noscript>\n\t\t\t<\/span>\n\t\t\n\t\t\t\t\t<span class=\"eael-fancy-text-suffix\"> Enfermedades Metab\u00f3licas<\/span>\n\t\t\t<\/div><!-- close .eael-fancy-text-container -->\n\n\t<div class=\"clearfix\"><\/div>\n\n\t\t\t\t\t<\/div>\n\t\t\t\t<\/div>\n\t\t\t\t<div class=\"elementor-element elementor-element-a261644 elementor-widget elementor-widget-spacer\" data-id=\"a261644\" data-element_type=\"widget\" data-e-type=\"widget\" data-widget_type=\"spacer.default\">\n\t\t\t\t<div class=\"elementor-widget-container\">\n\t\t\t\t\t\t\t<div class=\"elementor-spacer\">\n\t\t\t<div class=\"elementor-spacer-inner\"><\/div>\n\t\t<\/div>\n\t\t\t\t\t\t<\/div>\n\t\t\t\t<\/div>\n\t\t\t\t\t<\/div>\n\t\t<\/div>\n\t\t\t\t\t<\/div>\n\t\t<\/section>\n\t\t\t\t<section class=\"elementor-section elementor-top-section elementor-element elementor-element-339a973 elementor-section-boxed elementor-section-height-default elementor-section-height-default\" data-id=\"339a973\" data-element_type=\"section\" data-e-type=\"section\" data-settings=\"{&quot;background_background&quot;:&quot;classic&quot;}\">\n\t\t\t\t\t\t<div class=\"elementor-container elementor-column-gap-extended\">\n\t\t\t\t\t<div class=\"elementor-column elementor-col-50 elementor-top-column elementor-element elementor-element-ab9a29c\" data-id=\"ab9a29c\" data-element_type=\"column\" data-e-type=\"column\">\n\t\t\t<div class=\"elementor-widget-wrap elementor-element-populated\">\n\t\t\t\t\t\t<div class=\"elementor-element elementor-element-47d4264 elementor-widget elementor-widget-heading\" data-id=\"47d4264\" data-element_type=\"widget\" data-e-type=\"widget\" data-widget_type=\"heading.default\">\n\t\t\t\t<div class=\"elementor-widget-container\">\n\t\t\t\t\t<h2 class=\"elementor-heading-title elementor-size-default\">Acerca de este Diplomado<\/h2>\t\t\t\t<\/div>\n\t\t\t\t<\/div>\n\t\t\t\t<div class=\"elementor-element elementor-element-cbbe18d elementor-widget elementor-widget-text-editor\" data-id=\"cbbe18d\" data-element_type=\"widget\" data-e-type=\"widget\" data-widget_type=\"text-editor.default\">\n\t\t\t\t<div class=\"elementor-widget-container\">\n\t\t\t\t\t\t\t\t\t<p style=\"font-weight: 400;\">En nombre de nuestro Comit\u00e9 Cient\u00edfico, es un placer darles la bienvenida a este\u00a0 primer <span style=\"text-decoration: underline;\"><strong>Diplomado en Abordaje Integral de enfermedades metab\u00f3licas.<\/strong><\/span><\/p><p style=\"font-weight: 400;\">Para nosotros, es un honor poder aportar una semilla de conocimiento y actualizaci\u00f3n a su experiencia cl\u00ednica para optimizar los resultados del tratamiento de sus pacientes.<\/p><p>Tenemos muy claro\u00a0 que las dietas cetog\u00e9nicas no son modas pasajeras sino verdaderas terapias nutricionales, que han demostrado en la literatura internacional tener un papel importante en el manejo de diferentes patolog\u00edas cr\u00f3nicas.<\/p><p style=\"font-weight: 400;\">\u00a0<\/p>\t\t\t\t\t\t\t\t<\/div>\n\t\t\t\t<\/div>\n\t\t\t\t\t<\/div>\n\t\t<\/div>\n\t\t\t\t<div class=\"elementor-column elementor-col-50 elementor-top-column elementor-element elementor-element-e8340b8\" data-id=\"e8340b8\" data-element_type=\"column\" data-e-type=\"column\">\n\t\t\t<div class=\"elementor-widget-wrap elementor-element-populated\">\n\t\t\t\t\t\t<div class=\"elementor-element elementor-element-ce64030 elementor-widget elementor-widget-text-editor\" data-id=\"ce64030\" data-element_type=\"widget\" data-e-type=\"widget\" data-widget_type=\"text-editor.default\">\n\t\t\t\t<div class=\"elementor-widget-container\">\n\t\t\t\t\t\t\t\t\t<p style=\"font-weight: 400;\">Queremos manifestar nuestro agradecimiento a todos y todas quienes han hecho posible la organizaci\u00f3n de este diplomado, en especial al <strong>Colegio de Nutrici\u00f3n Cl\u00ednica de M\u00e9xico.<\/strong><\/p><p style=\"font-weight: 400;\">A nuestros profesores, es un orgullo contar con maestros con su trayectoria profesional y su generosidad para compartir su conocimiento y experiencia en este diplomado.\u00a0\u00a0<\/p><p style=\"font-weight: 400;\">Y, finalmente, a los profesionales de la salud que\u00a0participaran en este diplomado, por su inter\u00e9s por qu\u00e9 sin duda nos motiva a seguir trabajando en la formaci\u00f3n m\u00e9dica continua.<\/p>\t\t\t\t\t\t\t\t<\/div>\n\t\t\t\t<\/div>\n\t\t\t\t\t<\/div>\n\t\t<\/div>\n\t\t\t\t\t<\/div>\n\t\t<\/section>\n\t\t\t\t<section class=\"elementor-section elementor-top-section elementor-element elementor-element-9da4451 elementor-section-full_width elementor-section-stretched elementor-section-height-default elementor-section-height-default\" data-id=\"9da4451\" data-element_type=\"section\" data-e-type=\"section\" data-settings=\"{&quot;stretch_section&quot;:&quot;section-stretched&quot;}\">\n\t\t\t\t\t\t<div class=\"elementor-container elementor-column-gap-default\">\n\t\t\t\t\t<div class=\"elementor-column elementor-col-100 elementor-top-column elementor-element elementor-element-8c38749\" data-id=\"8c38749\" data-element_type=\"column\" data-e-type=\"column\">\n\t\t\t<div class=\"elementor-widget-wrap elementor-element-populated\">\n\t\t\t\t\t\t<div class=\"elementor-element elementor-element-a5f3e9f elementor-widget elementor-widget-image\" data-id=\"a5f3e9f\" data-element_type=\"widget\" data-e-type=\"widget\" data-settings=\"{&quot;motion_fx_motion_fx_scrolling&quot;:&quot;yes&quot;,&quot;motion_fx_translateY_effect&quot;:&quot;yes&quot;,&quot;motion_fx_translateY_speed&quot;:{&quot;unit&quot;:&quot;px&quot;,&quot;size&quot;:4.2,&quot;sizes&quot;:[]},&quot;motion_fx_translateY_affectedRange&quot;:{&quot;unit&quot;:&quot;%&quot;,&quot;size&quot;:&quot;&quot;,&quot;sizes&quot;:{&quot;start&quot;:8,&quot;end&quot;:96}},&quot;motion_fx_range&quot;:&quot;viewport&quot;,&quot;motion_fx_devices&quot;:[&quot;desktop&quot;,&quot;tablet&quot;,&quot;mobile&quot;]}\" data-widget_type=\"image.default\">\n\t\t\t\t<div class=\"elementor-widget-container\">\n\t\t\t\t\t\t\t\t\t\t\t\t\t\t\t<img loading=\"lazy\" decoding=\"async\" width=\"800\" height=\"191\" src=\"https:\/\/emcnutraceuticapenta.com\/wp-content\/uploads\/2024\/07\/RF-1024x245.png\" class=\"attachment-large size-large wp-image-1121\" alt=\"\" srcset=\"https:\/\/emcnutraceuticapenta.com\/wp-content\/uploads\/2024\/07\/RF-1024x245.png 1024w, https:\/\/emcnutraceuticapenta.com\/wp-content\/uploads\/2024\/07\/RF-300x72.png 300w, https:\/\/emcnutraceuticapenta.com\/wp-content\/uploads\/2024\/07\/RF-768x184.png 768w, https:\/\/emcnutraceuticapenta.com\/wp-content\/uploads\/2024\/07\/RF-800x191.png 800w, https:\/\/emcnutraceuticapenta.com\/wp-content\/uploads\/2024\/07\/RF.png 1500w\" sizes=\"(max-width: 800px) 100vw, 800px\" \/>\t\t\t\t\t\t\t\t\t\t\t\t\t\t\t<\/div>\n\t\t\t\t<\/div>\n\t\t\t\t\t<\/div>\n\t\t<\/div>\n\t\t\t\t\t<\/div>\n\t\t<\/section>\n\t\t\t\t<\/div>\n\t\t","protected":false},"excerpt":{"rendered":"<p>Abordaje integral enfermedades mEtab\u00f3licas Ingresar al curso Bienvenidos: Abordaje Integral Enfermedades Metab\u00f3licas Acerca de este Diplomado En nombre de nuestro Comit\u00e9 Cient\u00edfico, es un placer darles la bienvenida a este\u00a0 primer Diplomado en Abordaje Integral de enfermedades metab\u00f3licas. Para nosotros, es un honor poder aportar una semilla de conocimiento y actualizaci\u00f3n a su experiencia cl\u00ednica [&hellip;]<\/p>\n","protected":false},"author":1,"featured_media":0,"parent":0,"menu_order":0,"comment_status":"closed","ping_status":"closed","template":"","meta":{"om_disable_all_campaigns":false,"_monsterinsights_skip_tracking":false,"_monsterinsights_sitenote_active":false,"_monsterinsights_sitenote_note":"","_monsterinsights_sitenote_category":0,"footnotes":""},"class_list":["post-5","page","type-page","status-publish","hentry"],"_links":{"self":[{"href":"https:\/\/emcnutraceuticapenta.com\/index.php\/wp-json\/wp\/v2\/pages\/5","targetHints":{"allow":["GET"]}}],"collection":[{"href":"https:\/\/emcnutraceuticapenta.com\/index.php\/wp-json\/wp\/v2\/pages"}],"about":[{"href":"https:\/\/emcnutraceuticapenta.com\/index.php\/wp-json\/wp\/v2\/types\/page"}],"author":[{"embeddable":true,"href":"https:\/\/emcnutraceuticapenta.com\/index.php\/wp-json\/wp\/v2\/users\/1"}],"replies":[{"embeddable":true,"href":"https:\/\/emcnutraceuticapenta.com\/index.php\/wp-json\/wp\/v2\/comments?post=5"}],"version-history":[{"count":268,"href":"https:\/\/emcnutraceuticapenta.com\/index.php\/wp-json\/wp\/v2\/pages\/5\/revisions"}],"predecessor-version":[{"id":1221,"href":"https:\/\/emcnutraceuticapenta.com\/index.php\/wp-json\/wp\/v2\/pages\/5\/revisions\/1221"}],"wp:attachment":[{"href":"https:\/\/emcnutraceuticapenta.com\/index.php\/wp-json\/wp\/v2\/media?parent=5"}],"curies":[{"name":"wp","href":"https:\/\/api.w.org\/{rel}","templated":true}]}}